{"id":591,"date":"2024-01-08T17:29:54","date_gmt":"2024-01-08T17:29:54","guid":{"rendered":"https:\/\/aguilaimperial.cl\/tienda\/?post_type=product&#038;p=591"},"modified":"2024-01-10T18:43:34","modified_gmt":"2024-01-10T18:43:34","slug":"traje-karate-aguila-imperial-nino","status":"publish","type":"product","link":"https:\/\/aguilaimperial.cl\/tienda\/producto\/traje-karate-aguila-imperial-nino\/","title":{"rendered":"Traje Karate Aguila Imperial Ni\u00f1o"},"content":{"rendered":"<p>Gabardina con 7 hebras de algod\u00f3n, doble basta en mangas, pantal\u00f3n y chaqueta bordado bandera de Chile en manga e insignia de Aguila imperial lado izquierdo chaqueta.<\/p>\n","protected":false},"excerpt":{"rendered":"<p>Gabardina con 7 hebras de algod\u00f3n, doble basta en mangas, pantal\u00f3n y chaqueta bordado bandera de Chile en manga e&hellip;<\/p>\n","protected":false},"featured_media":633,"template":"","meta":[],"product_brand":[],"product_cat":[32],"product_tag":[],"class_list":{"0":"post-591","1":"product","2":"type-product","3":"status-publish","4":"has-post-thumbnail","6":"product_cat-prendas","7":"pa_talla-40","8":"pa_talla-41","9":"pa_talla-42","10":"pa_talla-43","11":"pa_talla-44","12":"pa_talla-45","13":"pa_talla-46","15":"first","16":"instock","17":"shipping-taxable","18":"purchasable","19":"product-type-variable"},"_links":{"self":[{"href":"https:\/\/aguilaimperial.cl\/tienda\/wp-json\/wp\/v2\/product\/591","targetHints":{"allow":["GET"]}}],"collection":[{"href":"https:\/\/aguilaimperial.cl\/tienda\/wp-json\/wp\/v2\/product"}],"about":[{"href":"https:\/\/aguilaimperial.cl\/tienda\/wp-json\/wp\/v2\/types\/product"}],"version-history":[{"count":1,"href":"https:\/\/aguilaimperial.cl\/tienda\/wp-json\/wp\/v2\/product\/591\/revisions"}],"predecessor-version":[{"id":599,"href":"https:\/\/aguilaimperial.cl\/tienda\/wp-json\/wp\/v2\/product\/591\/revisions\/599"}],"wp:featuredmedia":[{"embeddable":true,"href":"https:\/\/aguilaimperial.cl\/tienda\/wp-json\/wp\/v2\/media\/633"}],"wp:attachment":[{"href":"https:\/\/aguilaimperial.cl\/tienda\/wp-json\/wp\/v2\/media?parent=591"}],"wp:term":[{"taxonomy":"product_brand","embeddable":true,"href":"https:\/\/aguilaimperial.cl\/tienda\/wp-json\/wp\/v2\/product_brand?post=591"},{"taxonomy":"product_cat","embeddable":true,"href":"https:\/\/aguilaimperial.cl\/tienda\/wp-json\/wp\/v2\/product_cat?post=591"},{"taxonomy":"product_tag","embeddable":true,"href":"https:\/\/aguilaimperial.cl\/tienda\/wp-json\/wp\/v2\/product_tag?post=591"}],"curies":[{"name":"wp","href":"https:\/\/api.w.org\/{rel}","templated":true}]}}