{"id":606,"date":"2024-01-08T18:22:52","date_gmt":"2024-01-08T18:22:52","guid":{"rendered":"https:\/\/aguilaimperial.cl\/tienda\/?post_type=product&#038;p=606"},"modified":"2024-01-08T18:22:52","modified_gmt":"2024-01-08T18:22:52","slug":"traje-karate-nino","status":"publish","type":"product","link":"https:\/\/aguilaimperial.cl\/tienda\/producto\/traje-karate-nino\/","title":{"rendered":"Traje Karate Ni\u00f1o"},"content":{"rendered":"<p>Gabardina con 7 hebras de algod\u00f3n, doble basta en mangas, pantal\u00f3n y chaqueta.<\/p>\n","protected":false},"excerpt":{"rendered":"<p>Gabardina con 7 hebras de algod\u00f3n, doble basta en mangas, pantal\u00f3n y chaqueta.<\/p>\n","protected":false},"featured_media":0,"template":"","meta":[],"product_brand":[],"product_cat":[32],"product_tag":[],"class_list":{"0":"post-606","1":"product","2":"type-product","3":"status-publish","5":"product_cat-prendas","6":"pa_talla-40","7":"pa_talla-41","8":"pa_talla-42","9":"pa_talla-43","10":"pa_talla-44","11":"pa_talla-45","12":"pa_talla-46","14":"first","15":"instock","16":"shipping-taxable","17":"purchasable","18":"product-type-variable"},"_links":{"self":[{"href":"https:\/\/aguilaimperial.cl\/tienda\/wp-json\/wp\/v2\/product\/606","targetHints":{"allow":["GET"]}}],"collection":[{"href":"https:\/\/aguilaimperial.cl\/tienda\/wp-json\/wp\/v2\/product"}],"about":[{"href":"https:\/\/aguilaimperial.cl\/tienda\/wp-json\/wp\/v2\/types\/product"}],"version-history":[{"count":1,"href":"https:\/\/aguilaimperial.cl\/tienda\/wp-json\/wp\/v2\/product\/606\/revisions"}],"predecessor-version":[{"id":614,"href":"https:\/\/aguilaimperial.cl\/tienda\/wp-json\/wp\/v2\/product\/606\/revisions\/614"}],"wp:attachment":[{"href":"https:\/\/aguilaimperial.cl\/tienda\/wp-json\/wp\/v2\/media?parent=606"}],"wp:term":[{"taxonomy":"product_brand","embeddable":true,"href":"https:\/\/aguilaimperial.cl\/tienda\/wp-json\/wp\/v2\/product_brand?post=606"},{"taxonomy":"product_cat","embeddable":true,"href":"https:\/\/aguilaimperial.cl\/tienda\/wp-json\/wp\/v2\/product_cat?post=606"},{"taxonomy":"product_tag","embeddable":true,"href":"https:\/\/aguilaimperial.cl\/tienda\/wp-json\/wp\/v2\/product_tag?post=606"}],"curies":[{"name":"wp","href":"https:\/\/api.w.org\/{rel}","templated":true}]}}